{"id":2114,"date":"2020-05-02T08:59:05","date_gmt":"2020-05-02T08:59:05","guid":{"rendered":"http:\/\/rstheme.com\/products\/wordpress\/reobiz\/?page_id=2114"},"modified":"2023-04-28T17:42:53","modified_gmt":"2023-04-28T17:42:53","slug":"sobre-mim","status":"publish","type":"page","link":"https:\/\/alienevillaca.com.br\/site\/sobre-mim\/","title":{"rendered":"Sobre Mim"},"content":{"rendered":"\t\t<div data-elementor-type=\"wp-page\" data-elementor-id=\"2114\" class=\"elementor elementor-2114\">\n\t\t\t\t\t\t\t\t\t<section class=\"elementor-section elementor-top-section elementor-element elementor-element-24f14fa elementor-section-full_width elementor-section-content-middle elementor-section-height-default elementor-section-height-default\" data-id=\"24f14fa\" data-element_type=\"section\">\n\t\t\t\t\t\t<div class=\"elementor-container elementor-column-gap-wide\">\n\t\t\t\t\t<div class=\"elementor-column elementor-col-50 elementor-top-column elementor-element elementor-element-2857fe6 animated-slow elementor-invisible\" data-id=\"2857fe6\" data-element_type=\"column\" data-settings=\"{&quot;animation&quot;:&quot;fadeInUp&quot;,&quot;animation_delay&quot;:500}\">\n\t\t\t<div class=\"elementor-widget-wrap elementor-element-populated\">\n\t\t\t\t\t\t\t\t<div class=\"elementor-element elementor-element-537d3b3 animated-slow elementor-invisible elementor-widget elementor-widget-image\" data-id=\"537d3b3\" data-element_type=\"widget\" data-settings=\"{&quot;_animation&quot;:&quot;slideInLeft&quot;,&quot;_animation_delay&quot;:1000}\" data-widget_type=\"image.default\">\n\t\t\t\t<div class=\"elementor-widget-container\">\n\t\t\t<style>\/*! elementor - v3.12.0 - 29-03-2023 *\/\n.elementor-widget-image{text-align:center}.elementor-widget-image a{display:inline-block}.elementor-widget-image a img[src$=\".svg\"]{width:48px}.elementor-widget-image img{vertical-align:middle;display:inline-block}<\/style>\t\t\t\t\t\t\t\t\t\t\t\t<img loading=\"lazy\" decoding=\"async\" width=\"600\" height=\"768\" src=\"https:\/\/alienevillaca.com.br\/site\/wp-content\/uploads\/2023\/04\/AlieneVillaca-4.jpg\" class=\"attachment-large size-large wp-image-13712\" alt=\"\" srcset=\"https:\/\/alienevillaca.com.br\/site\/wp-content\/uploads\/2023\/04\/AlieneVillaca-4.jpg 600w, https:\/\/alienevillaca.com.br\/site\/wp-content\/uploads\/2023\/04\/AlieneVillaca-4-234x300.jpg 234w\" sizes=\"auto, (max-width: 600px) 100vw, 600px\" \/>\t\t\t\t\t\t\t\t\t\t\t\t\t\t\t<\/div>\n\t\t\t\t<\/div>\n\t\t\t\t<section class=\"elementor-section elementor-inner-section elementor-element elementor-element-3a1edca elementor-section-boxed elementor-section-height-default elementor-section-height-default\" data-id=\"3a1edca\" data-element_type=\"section\" data-settings=\"{&quot;background_background&quot;:&quot;classic&quot;}\">\n\t\t\t\t\t\t<div class=\"elementor-container elementor-column-gap-default\">\n\t\t\t\t\t<div class=\"elementor-column elementor-col-33 elementor-inner-column elementor-element elementor-element-dfbdbf8 elementor-hidden-tablet\" data-id=\"dfbdbf8\" data-element_type=\"column\">\n\t\t\t<div class=\"elementor-widget-wrap\">\n\t\t\t\t\t\t\t\t\t<\/div>\n\t\t<\/div>\n\t\t\t\t<div class=\"elementor-column elementor-col-33 elementor-inner-column elementor-element elementor-element-7497c52 box-shadow\" data-id=\"7497c52\" data-element_type=\"column\" data-settings=\"{&quot;background_background&quot;:&quot;classic&quot;}\">\n\t\t\t<div class=\"elementor-widget-wrap elementor-element-populated\">\n\t\t\t\t\t\t\t\t<div class=\"elementor-element elementor-element-863d085 elementor-widget elementor-widget-heading\" data-id=\"863d085\" data-element_type=\"widget\" data-widget_type=\"heading.default\">\n\t\t\t\t<div class=\"elementor-widget-container\">\n\t\t\t<style>\/*! elementor - v3.12.0 - 29-03-2023 *\/\n.elementor-heading-title{padding:0;margin:0;line-height:1}.elementor-widget-heading .elementor-heading-title[class*=elementor-size-]>a{color:inherit;font-size:inherit;line-height:inherit}.elementor-widget-heading .elementor-heading-title.elementor-size-small{font-size:15px}.elementor-widget-heading .elementor-heading-title.elementor-size-medium{font-size:19px}.elementor-widget-heading .elementor-heading-title.elementor-size-large{font-size:29px}.elementor-widget-heading .elementor-heading-title.elementor-size-xl{font-size:39px}.elementor-widget-heading .elementor-heading-title.elementor-size-xxl{font-size:59px}<\/style><h3 class=\"elementor-heading-title elementor-size-default\">Aliene Villa\u00e7a<\/h3>\t\t<\/div>\n\t\t\t\t<\/div>\n\t\t\t\t\t<\/div>\n\t\t<\/div>\n\t\t\t\t<div class=\"elementor-column elementor-col-33 elementor-inner-column elementor-element elementor-element-187cd00 elementor-hidden-tablet\" data-id=\"187cd00\" data-element_type=\"column\" data-settings=\"{&quot;background_background&quot;:&quot;classic&quot;}\">\n\t\t\t<div class=\"elementor-widget-wrap\">\n\t\t\t\t\t\t\t\t\t<\/div>\n\t\t<\/div>\n\t\t\t\t\t\t\t<\/div>\n\t\t<\/section>\n\t\t\t\t\t<\/div>\n\t\t<\/div>\n\t\t\t\t<div class=\"elementor-column elementor-col-50 elementor-top-column elementor-element elementor-element-6846ed5 animated-slow elementor-invisible\" data-id=\"6846ed5\" data-element_type=\"column\" data-settings=\"{&quot;animation&quot;:&quot;slideInRight&quot;,&quot;animation_delay&quot;:2000}\">\n\t\t\t<div class=\"elementor-widget-wrap elementor-element-populated\">\n\t\t\t\t\t\t\t\t<div class=\"elementor-element elementor-element-5dad34a elementor-widget elementor-widget-rs-heading\" data-id=\"5dad34a\" data-element_type=\"widget\" data-widget_type=\"rs-heading.default\">\n\t\t\t\t<div class=\"elementor-widget-container\">\n\t\t\t        <div class=\"rs-heading default  \">\r\n        \t<div class=\"title-inner\">\r\n        \t\t      \t\t\r\n\t            <h2 class=\"title\"><span class=\"watermark\">EDUCAR<\/span>Prazer, Aliene<\/h2>\t        <\/div>\r\n\t                    \t<div class=\"description\">\r\n            \t\t<p>Sou Aliene Villa\u00e7a, uma sonhadora, mas p\u00e9 no ch\u00e3o.<\/p><p>Sempre acreditei que a educa\u00e7\u00e3o \u00e9 a melhor maneira de ganharmos o mundo, de termos autonomia e construir nossa independ\u00eancia. Para\u00a0 transmitir essa ideia a outras pessoas, fui estudar e me formei em pedagogia, depois fiz mestrado e em seguida doutorado em educa\u00e7\u00e3o (todos\u00a0 pela Universidade Federal de Minas Gerais).<\/p>            \t\t\r\n            \t<\/div>\r\n        \t        <\/div>\r\n\r\n        \t\t<\/div>\n\t\t\t\t<\/div>\n\t\t\t\t<div class=\"elementor-element elementor-element-029478a elementor-widget elementor-widget-rs-heading\" data-id=\"029478a\" data-element_type=\"widget\" data-widget_type=\"rs-heading.default\">\n\t\t\t\t<div class=\"elementor-widget-container\">\n\t\t\t        <div class=\"rs-heading default  \">\r\n        \t<div class=\"title-inner\">\r\n        \t\t      \t\t\r\n\t            <h2 class=\"title\"><span class=\"watermark\">TRANSFORMAR<\/span>Experi\u00eancia\n<\/h2>\t        <\/div>\r\n\t                    \t<div class=\"description\">\r\n            \t\t<p>Venho a mais 10 anos atuando nos diferentes campos da educa\u00e7\u00e3o, j\u00e1 fui professora Ensino Fundamental, M\u00e9dio e Ensino Superior, trabalhei em setores de educa\u00e7\u00e3o inclusiva na rede p\u00fablica, j\u00e1 ministrei mais de 400 horas de forma\u00e7\u00e3o de professores, escrevi material did\u00e1tico, fui coordenadora pedag\u00f3gica, ufa\u2026 pensar, agir e trabalhar com a educa\u00e7\u00e3o tem sido minha grande dedica\u00e7\u00e3o.<\/p><p>\u00a0<\/p><p>Ao longo dos anos fui percebendo que cada crian\u00e7a, adolescente e at\u00e9 mesmo cada professora tem a sua maneira de aprender, e que aquela ideia de que todos \u201caprendem\u201d da mesma maneira, foi ficando cada vez mais longe.<\/p>            \t\t\r\n            \t<\/div>\r\n        \t        <\/div>\r\n\r\n        \t\t<\/div>\n\t\t\t\t<\/div>\n\t\t\t\t\t<\/div>\n\t\t<\/div>\n\t\t\t\t\t\t\t<\/div>\n\t\t<\/section>\n\t\t\t\t<section class=\"elementor-section elementor-top-section elementor-element elementor-element-42025c0 animated-slow elementor-section-boxed elementor-section-height-default elementor-section-height-default elementor-invisible\" data-id=\"42025c0\" data-element_type=\"section\" data-settings=\"{&quot;animation&quot;:&quot;zoomIn&quot;,&quot;animation_delay&quot;:3000}\">\n\t\t\t\t\t\t<div class=\"elementor-container elementor-column-gap-default\">\n\t\t\t\t\t<div class=\"elementor-column elementor-col-50 elementor-top-column elementor-element elementor-element-971f529\" data-id=\"971f529\" data-element_type=\"column\">\n\t\t\t<div class=\"elementor-widget-wrap elementor-element-populated\">\n\t\t\t\t\t\t\t\t<div class=\"elementor-element elementor-element-77084ce elementor-widget__width-initial elementor-widget elementor-widget-rs-heading\" data-id=\"77084ce\" data-element_type=\"widget\" data-widget_type=\"rs-heading.default\">\n\t\t\t\t<div class=\"elementor-widget-container\">\n\t\t\t        <div class=\"rs-heading default  \">\r\n        \t<div class=\"title-inner\">\r\n        \t\t      \t\t\r\n\t            <h2 class=\"title\"><span class=\"watermark\">ACREDITAR<\/span>Miss\u00e3o\n<\/h2>\t        <\/div>\r\n\t                    \t<div class=\"description\">\r\n            \t\t<p>Encontrei, ao longo da minha trajet\u00f3ria,\u00a0 diversas crian\u00e7as que n\u00e3o se adaptaram ao modelo escolar, essas crian\u00e7as apresentavam resist\u00eancia \u00e0 escola, e n\u00e3o tinham ningu\u00e9m para ajud\u00e1-las. Tamb\u00e9m n\u00e3o sentiam que a escola era o lugar delas e principalmente acreditavam que n\u00e3o podiam aprender.<\/p><p>Por isso, tenho me dedicado a estudar e a pesquisar quais estrat\u00e9gias e recursos auxiliam os alunos, principalmente aqueles, com alguma dificuldade escolar a melhorarem sua rela\u00e7\u00e3o com a escola e com o aprender. E um dos caminhos que descobri foi a Educa\u00e7\u00e3o Maker.<\/p><p>Junto com a Educa\u00e7\u00e3o Maker e a abordagem STEAM (que em portugu\u00eas se traduz como Ci\u00eancias, Tecnologia, Engenharia, Artes e Matem\u00e1tica), conheci diferentes caminhos, alternativas pedag\u00f3gicas baseadas em projetos e criei a minha metodologia de aproximar o aluno com a escola, com o aprender e com o conhecimento, desenvolvendo nele a vontade de aprender e assim ter mais autonomia e independ\u00eancia para estudar.<\/p><p>Meu trabalho proporcionou ajudar muitas crian\u00e7as a despertarem o interesse por aprender e a ter melhoras no desempenho escolar. Isto refor\u00e7a a minha cren\u00e7a que todos s\u00e3o capazes, basta estar atento a necessidade de cada um.<\/p>            \t\t\r\n            \t<\/div>\r\n        \t        <\/div>\r\n\r\n        \t\t<\/div>\n\t\t\t\t<\/div>\n\t\t\t\t\t<\/div>\n\t\t<\/div>\n\t\t\t\t<div class=\"elementor-column elementor-col-50 elementor-top-column elementor-element elementor-element-0c9c14f\" data-id=\"0c9c14f\" data-element_type=\"column\">\n\t\t\t<div class=\"elementor-widget-wrap elementor-element-populated\">\n\t\t\t\t\t\t\t\t<div class=\"elementor-element elementor-element-2029f22 elementor-widget__width-initial elementor-widget elementor-widget-image\" data-id=\"2029f22\" data-element_type=\"widget\" data-widget_type=\"image.default\">\n\t\t\t\t<div class=\"elementor-widget-container\">\n\t\t\t\t\t\t\t\t\t\t\t\t\t\t\t<img loading=\"lazy\" decoding=\"async\" width=\"640\" height=\"427\" src=\"https:\/\/alienevillaca.com.br\/site\/wp-content\/uploads\/2023\/04\/children-making-robot-1-1024x683-1.jpg\" class=\"attachment-large size-large wp-image-13698\" alt=\"\" srcset=\"https:\/\/alienevillaca.com.br\/site\/wp-content\/uploads\/2023\/04\/children-making-robot-1-1024x683-1.jpg 1024w, https:\/\/alienevillaca.com.br\/site\/wp-content\/uploads\/2023\/04\/children-making-robot-1-1024x683-1-300x200.jpg 300w, https:\/\/alienevillaca.com.br\/site\/wp-content\/uploads\/2023\/04\/children-making-robot-1-1024x683-1-768x512.jpg 768w, https:\/\/alienevillaca.com.br\/site\/wp-content\/uploads\/2023\/04\/children-making-robot-1-1024x683-1-365x243.jpg 365w, https:\/\/alienevillaca.com.br\/site\/wp-content\/uploads\/2023\/04\/children-making-robot-1-1024x683-1-600x400.jpg 600w\" sizes=\"auto, (max-width: 640px) 100vw, 640px\" \/>\t\t\t\t\t\t\t\t\t\t\t\t\t\t\t<\/div>\n\t\t\t\t<\/div>\n\t\t\t\t\t<\/div>\n\t\t<\/div>\n\t\t\t\t\t\t\t<\/div>\n\t\t<\/section>\n\t\t\t\t<section class=\"elementor-section elementor-top-section elementor-element elementor-element-73d5abe elementor-section-stretched elementor-section-full_width elementor-section-content-top animated-slow elementor-section-height-default elementor-section-height-default elementor-invisible\" data-id=\"73d5abe\" data-element_type=\"section\" data-settings=\"{&quot;stretch_section&quot;:&quot;section-stretched&quot;,&quot;background_background&quot;:&quot;classic&quot;,&quot;animation&quot;:&quot;fadeIn&quot;,&quot;animation_delay&quot;:1500}\">\n\t\t\t\t\t\t<div class=\"elementor-container elementor-column-gap-default\">\n\t\t\t\t\t<div class=\"elementor-column elementor-col-50 elementor-top-column elementor-element elementor-element-65cbf00\" data-id=\"65cbf00\" data-element_type=\"column\" data-settings=\"{&quot;background_background&quot;:&quot;classic&quot;}\">\n\t\t\t<div class=\"elementor-widget-wrap\">\n\t\t\t\t\t\t\t\t\t<\/div>\n\t\t<\/div>\n\t\t\t\t<div class=\"elementor-column elementor-col-50 elementor-top-column elementor-element elementor-element-428f483\" data-id=\"428f483\" data-element_type=\"column\" data-settings=\"{&quot;background_background&quot;:&quot;classic&quot;}\">\n\t\t\t<div class=\"elementor-widget-wrap elementor-element-populated\">\n\t\t\t\t\t<div class=\"elementor-background-overlay\"><\/div>\n\t\t\t\t\t\t\t\t<section class=\"elementor-section elementor-inner-section elementor-element elementor-element-d3dd83a elementor-section-boxed elementor-section-height-default elementor-section-height-default\" data-id=\"d3dd83a\" data-element_type=\"section\">\n\t\t\t\t\t\t<div class=\"elementor-container elementor-column-gap-default\">\n\t\t\t\t\t<div class=\"elementor-column elementor-col-33 elementor-inner-column elementor-element elementor-element-b34f309\" data-id=\"b34f309\" data-element_type=\"column\">\n\t\t\t<div class=\"elementor-widget-wrap\">\n\t\t\t\t\t\t\t\t\t<\/div>\n\t\t<\/div>\n\t\t\t\t<div class=\"elementor-column elementor-col-33 elementor-inner-column elementor-element elementor-element-f6a117b\" data-id=\"f6a117b\" data-element_type=\"column\">\n\t\t\t<div class=\"elementor-widget-wrap elementor-element-populated\">\n\t\t\t\t\t\t\t\t<div class=\"elementor-element elementor-element-ee3b741 elementor-widget elementor-widget-rs-heading\" data-id=\"ee3b741\" data-element_type=\"widget\" data-widget_type=\"rs-heading.default\">\n\t\t\t\t<div class=\"elementor-widget-container\">\n\t\t\t        <div class=\"rs-heading default  \">\r\n        \t<div class=\"title-inner\">\r\n        \t\t      \t\t\r\n\t            <span class=\"sub-text \">Vamos Conversar<\/span><h2 class=\"title\"><span class=\"watermark\">Vamos Conversar<\/span>Envie sua mensagem para mim<\/h2>\t        <\/div>\r\n\t                <\/div>\r\n\r\n        \t\t<\/div>\n\t\t\t\t<\/div>\n\t\t\t\t\t<\/div>\n\t\t<\/div>\n\t\t\t\t<div class=\"elementor-column elementor-col-33 elementor-inner-column elementor-element elementor-element-f290442 elementor-hidden-tablet elementor-hidden-phone\" data-id=\"f290442\" data-element_type=\"column\">\n\t\t\t<div class=\"elementor-widget-wrap\">\n\t\t\t\t\t\t\t\t\t<\/div>\n\t\t<\/div>\n\t\t\t\t\t\t\t<\/div>\n\t\t<\/section>\n\t\t\t\t<div class=\"elementor-element elementor-element-d61a8c4 elementor-widget elementor-widget-rs-cf7\" data-id=\"d61a8c4\" data-element_type=\"widget\" data-widget_type=\"rs-cf7.default\">\n\t\t\t\t<div class=\"elementor-widget-container\">\n\t\t\t\n<div class=\"wpcf7 no-js\" id=\"wpcf7-f2078-o1\" lang=\"en-US\" dir=\"ltr\">\n<div class=\"screen-reader-response\"><p role=\"status\" aria-live=\"polite\" aria-atomic=\"true\"><\/p> <ul><\/ul><\/div>\n<form action=\"\/site\/wp-json\/wp\/v2\/pages\/2114#wpcf7-f2078-o1\" method=\"post\" class=\"wpcf7-form init\" aria-label=\"Contact form\" novalidate=\"novalidate\" data-status=\"init\">\n<div style=\"display: none;\">\n<input type=\"hidden\" name=\"_wpcf7\" value=\"2078\" \/>\n<input type=\"hidden\" name=\"_wpcf7_version\" value=\"5.7.5.1\" \/>\n<input type=\"hidden\" name=\"_wpcf7_locale\" value=\"en_US\" \/>\n<input type=\"hidden\" name=\"_wpcf7_unit_tag\" value=\"wpcf7-f2078-o1\" \/>\n<input type=\"hidden\" name=\"_wpcf7_container_post\" value=\"0\" \/>\n<input type=\"hidden\" name=\"_wpcf7_posted_data_hash\" value=\"\" \/>\n<\/div>\n<div class=\"row\">\n\t<div class=\"col-sm-6\">\n\t\t<p><span class=\"wpcf7-form-control-wrap\" data-name=\"your-name\"><input size=\"40\" class=\"wpcf7-form-control wpcf7-text wpcf7-validates-as-required\" aria-required=\"true\" aria-invalid=\"false\" placeholder=\"Nome\" value=\"\" type=\"text\" name=\"your-name\" \/><\/span>\n\t\t<\/p>\n\t<\/div>\n\t<div class=\"col-sm-6\">\n\t\t<p><span class=\"wpcf7-form-control-wrap\" data-name=\"your-email\"><input size=\"40\" class=\"wpcf7-form-control wpcf7-text wpcf7-email wpcf7-validates-as-required wpcf7-validates-as-email\" aria-required=\"true\" aria-invalid=\"false\" placeholder=\"E-Mail\" value=\"\" type=\"email\" name=\"your-email\" \/><\/span>\n\t\t<\/p>\n\t<\/div>\n\t<div class=\"col-sm-6\">\n\t\t<p><span class=\"wpcf7-form-control-wrap\" data-name=\"your-phone\"><input size=\"40\" class=\"wpcf7-form-control wpcf7-text wpcf7-validates-as-required\" aria-required=\"true\" aria-invalid=\"false\" placeholder=\"Telefone\" value=\"\" type=\"text\" name=\"your-phone\" \/><\/span>\n\t\t<\/p>\n\t<\/div>\n\t<div class=\"col-sm-6\">\n\t\t<p><span class=\"wpcf7-form-control-wrap\" data-name=\"your-website\"><input size=\"40\" class=\"wpcf7-form-control wpcf7-text\" aria-invalid=\"false\" placeholder=\"Assunto\" value=\"\" type=\"text\" name=\"your-website\" \/><\/span>\n\t\t<\/p>\n\t<\/div>\n\t<div class=\"col-sm-12\">\n\t\t<p><span class=\"wpcf7-form-control-wrap\" data-name=\"your-message\"><textarea cols=\"40\" rows=\"10\" class=\"wpcf7-form-control wpcf7-textarea\" aria-invalid=\"false\" placeholder=\"Sua Mensagem\" name=\"your-message\"><\/textarea><\/span>\n\t\t<\/p>\n\t<\/div>\n\t<div class=\"form-button col-sm-12\">\n\t\t<p class=\"submit-btn\"><input class=\"wpcf7-form-control has-spinner wpcf7-submit\" type=\"submit\" value=\"Enviar\" \/>\n\t\t<\/p>\n\t<\/div>\n<\/div><div class=\"wpcf7-response-output\" aria-hidden=\"true\"><\/div>\n<\/form>\n<\/div>\n\t\t<\/div>\n\t\t\t\t<\/div>\n\t\t\t\t\t<\/div>\n\t\t<\/div>\n\t\t\t\t\t\t\t<\/div>\n\t\t<\/section>\n\t\t\t\t\t\t\t<\/div>\n\t\t","protected":false},"excerpt":{"rendered":"<p>Aliene Villa\u00e7a EDUCARPrazer, Aliene Sou Aliene Villa\u00e7a, uma sonhadora, mas p\u00e9 no ch\u00e3o. Sempre acreditei que a educa\u00e7\u00e3o \u00e9 a melhor maneira de ganharmos o mundo, de termos autonomia e construir nossa independ\u00eancia. Para\u00a0 transmitir essa ideia a outras pessoas, fui estudar e me formei em pedagogia, depois fiz mestrado e em seguida doutorado em&#8230;<\/p>\n","protected":false},"author":1,"featured_media":0,"parent":0,"menu_order":0,"comment_status":"closed","ping_status":"closed","template":"","meta":{"footnotes":""},"class_list":["post-2114","page","type-page","status-publish","hentry"],"_links":{"self":[{"href":"https:\/\/alienevillaca.com.br\/site\/wp-json\/wp\/v2\/pages\/2114","targetHints":{"allow":["GET"]}}],"collection":[{"href":"https:\/\/alienevillaca.com.br\/site\/wp-json\/wp\/v2\/pages"}],"about":[{"href":"https:\/\/alienevillaca.com.br\/site\/wp-json\/wp\/v2\/types\/page"}],"author":[{"embeddable":true,"href":"https:\/\/alienevillaca.com.br\/site\/wp-json\/wp\/v2\/users\/1"}],"replies":[{"embeddable":true,"href":"https:\/\/alienevillaca.com.br\/site\/wp-json\/wp\/v2\/comments?post=2114"}],"version-history":[{"count":60,"href":"https:\/\/alienevillaca.com.br\/site\/wp-json\/wp\/v2\/pages\/2114\/revisions"}],"predecessor-version":[{"id":13793,"href":"https:\/\/alienevillaca.com.br\/site\/wp-json\/wp\/v2\/pages\/2114\/revisions\/13793"}],"wp:attachment":[{"href":"https:\/\/alienevillaca.com.br\/site\/wp-json\/wp\/v2\/media?parent=2114"}],"curies":[{"name":"wp","href":"https:\/\/api.w.org\/{rel}","templated":true}]}}